{"id":313,"date":"2023-02-05T16:56:17","date_gmt":"2023-02-05T14:56:17","guid":{"rendered":"https:\/\/vilnius700.epochuratu.lt\/?page_id=313"},"modified":"2023-02-21T09:21:49","modified_gmt":"2023-02-21T07:21:49","slug":"filmukai-video","status":"publish","type":"page","link":"https:\/\/vilnius700.epochuratu.lt\/?page_id=313","title":{"rendered":"Filmukai (video)"},"content":{"rendered":"\n<p><strong>1 klas\u0117<\/strong><\/p>\n\n\n\n<ol type=\"1\">\n<li>Vilnius \u2013 Baroko miestas. \u201e Architekt\u016bra ir \u2026\u201c&nbsp;<strong>1A<\/strong> (<a href=\"https:\/\/youtu.be\/Gk_tUVq_EXY\" target=\"_blank\" rel=\"noreferrer noopener\">nuoroda<\/a>)<\/li>\n\n\n\n<li>Pramon\u0117s raida Vilniuje nuo amat\u0173 iki auk\u0161t\u0173j\u0173 technologij\u0173&nbsp;<strong>1B<\/strong> (<a href=\"https:\/\/youtu.be\/kq0VnZzHXmY\" target=\"_blank\" rel=\"noreferrer noopener\">nuoroda<\/a>)<\/li>\n\n\n\n<li>Nuo sostapilio iki modernios Europos sostin\u0117s (10 \u017eenkl\u0173 ant miesto veido)&nbsp;<strong>1C<\/strong> (<a href=\"https:\/\/youtu.be\/1Dgf8sPt3Q0\" target=\"_blank\" rel=\"noreferrer noopener\">nuoroda<\/a>)<\/li>\n\n\n\n<li>Vilnius \u012evairi\u0173 religij\u0173 miestas<strong>&nbsp;1D<\/strong> (<a href=\"https:\/\/youtu.be\/OuGNy4NmnWc\" target=\"_blank\" rel=\"noreferrer noopener\">nuoroda<\/a>)<\/li>\n\n\n\n<li>Vilniaus legendos ir padavimai&nbsp;&nbsp;<strong>1E<\/strong> (<a href=\"https:\/\/youtu.be\/i_SwfLS-Jt8\" target=\"_blank\" rel=\"noreferrer noopener\">nuoroda<\/a>)<\/li>\n<\/ol>\n\n\n\n<p><strong>2 klas\u0117<\/strong><\/p>\n\n\n\n<ol type=\"1\">\n<li>Ding\u0119s Vilnius&nbsp;<strong>2A<\/strong> (<a href=\"https:\/\/youtu.be\/HRQsqf2yYW4\" target=\"_blank\" rel=\"noreferrer noopener\">nuoroda<\/a>)<\/li>\n\n\n\n<li>Dail\u0117 ir muzika epoch\u0173 kaitoje&nbsp;<strong>2B<\/strong> (<a href=\"https:\/\/youtu.be\/bwmM7mI7ols\" target=\"_blank\" rel=\"noreferrer noopener\">nuoroda<\/a>)<\/li>\n\n\n\n<li>Karjeros keliu po Vilni\u0173<strong>\u00a02C<\/strong> (<a href=\"https:\/\/youtu.be\/4NAKn7MPp6U\" target=\"_blank\" rel=\"noreferrer noopener\">nuoroda<\/a>)<\/li>\n\n\n\n<li>Vilnius daugiakult\u016brinis miestas&nbsp;<strong>2D<\/strong> (<a href=\"https:\/\/youtu.be\/yi-ImvMgn8s\" target=\"_blank\" rel=\"noreferrer noopener\">nuoroda<\/a>)<\/li>\n\n\n\n<li>Nuo sostapilio iki modernios Europos sostin\u0117s (10 reik\u0161mingiausi\u0173 Lietuvai sprendim\u0173, padaryt\u0173 Vilniuje)&nbsp;<strong>2E<\/strong> (<a href=\"https:\/\/youtu.be\/7UlUKmXHSdE\" target=\"_blank\" rel=\"noreferrer noopener\">nuoroda<\/a>)<\/li>\n<\/ol>\n\n\n\n<p><strong>3 klas\u0117<\/strong><\/p>\n\n\n\n<ol type=\"1\">\n<li>Nuo sostapilio iki modernios Europos sostin\u0117s (10 Vilniaus virtimo sostine bruo\u017e\u0173)&nbsp;<strong>3A<\/strong> (<a href=\"https:\/\/youtu.be\/eel0e7F696s\" target=\"_blank\" rel=\"noreferrer noopener\">nuoroda<\/a>)<\/li>\n\n\n\n<li>Vilnius Universitetinis miestas. Mokslo ir k\u016br\u0117j\u0173 lop\u0161ys, j\u0173 \u012ftaka Vilniaus augimui ir garsinimui&nbsp;<strong>3B<\/strong> (<a href=\"https:\/\/youtu.be\/0z3IrKKHpso\" target=\"_blank\" rel=\"noreferrer noopener\">nuoroda<\/a>)<\/li>\n\n\n\n<li>Skamban\u010dios Vilniaus erdv\u0117s. Teatras, muzika ir \u0161okis&nbsp;<strong>3C<\/strong> (<a href=\"https:\/\/youtu.be\/SpWvnFXub9E\" target=\"_blank\" rel=\"noreferrer noopener\">nuoroda<\/a>)<\/li>\n\n\n\n<li>Vilniaus Senamiestis, naujamiestis ir mikrorajonai 10 urbanistini\u0173 id\u0117j\u0173&nbsp;<strong>3D<\/strong> (<a href=\"https:\/\/youtu.be\/CisY4p6f9hY\" target=\"_blank\" rel=\"noreferrer noopener\">nuoroda<\/a>)<\/li>\n\n\n\n<li>Vilnius Romantizmo literat\u016broje<strong>&nbsp;3E<\/strong> (<a href=\"https:\/\/youtu.be\/sTAU-QqwBwU\" target=\"_blank\" rel=\"noreferrer noopener\">nuoroda<\/a>)<\/li>\n<\/ol>\n","protected":false},"excerpt":{"rendered":"<p>1 klas\u0117 2 klas\u0117 3 klas\u0117<\/p>\n","protected":false},"author":2,"featured_media":0,"parent":311,"menu_order":1,"comment_status":"closed","ping_status":"closed","template":"","meta":[],"_links":{"self":[{"href":"https:\/\/vilnius700.epochuratu.lt\/index.php?rest_route=\/wp\/v2\/pages\/313"}],"collection":[{"href":"https:\/\/vilnius700.epochuratu.lt\/index.php?rest_route=\/wp\/v2\/pages"}],"about":[{"href":"https:\/\/vilnius700.epochuratu.lt\/index.php?rest_route=\/wp\/v2\/types\/page"}],"author":[{"embeddable":true,"href":"https:\/\/vilnius700.epochuratu.lt\/index.php?rest_route=\/wp\/v2\/users\/2"}],"replies":[{"embeddable":true,"href":"https:\/\/vilnius700.epochuratu.lt\/index.php?rest_route=%2Fwp%2Fv2%2Fcomments&post=313"}],"version-history":[{"count":15,"href":"https:\/\/vilnius700.epochuratu.lt\/index.php?rest_route=\/wp\/v2\/pages\/313\/revisions"}],"predecessor-version":[{"id":345,"href":"https:\/\/vilnius700.epochuratu.lt\/index.php?rest_route=\/wp\/v2\/pages\/313\/revisions\/345"}],"up":[{"embeddable":true,"href":"https:\/\/vilnius700.epochuratu.lt\/index.php?rest_route=\/wp\/v2\/pages\/311"}],"wp:attachment":[{"href":"https:\/\/vilnius700.epochuratu.lt\/index.php?rest_route=%2Fwp%2Fv2%2Fmedia&parent=313"}],"curies":[{"name":"wp","href":"https:\/\/api.w.org\/{rel}","templated":true}]}}