{"id":315,"date":"2023-02-05T16:57:23","date_gmt":"2023-02-05T14:57:23","guid":{"rendered":"https:\/\/vilnius700.epochuratu.lt\/?page_id=315"},"modified":"2023-02-22T11:37:13","modified_gmt":"2023-02-22T09:37:13","slug":"pateiktys-ir-kita","status":"publish","type":"page","link":"https:\/\/vilnius700.epochuratu.lt\/?page_id=315","title":{"rendered":"Pateiktys ir kita"},"content":{"rendered":"\n<p><strong>1 klas\u0117<\/strong><\/p>\n\n\n\n<ol type=\"1\">\n<li>Vilnius \u2013 Baroko miestas. \u201e Architekt\u016bra ir \u2026\u201c&nbsp;<strong>1A<\/strong> (<a href=\"https:\/\/vilnius700.epochuratu.lt\/wp-content\/uploads\/2023\/vilnius700_darbai\/Pirmokai\/1A\/Vilnius%20%E2%80%93%20Baroko%20miestas.%20%E2%80%9EArchitekt%C5%ABra%20ir%20%E2%80%A6%E2%80%9C.pdf\" target=\"_blank\" rel=\"noreferrer noopener\">atsisi\u0173sti<\/a>)<\/li>\n\n\n\n<li>Pramon\u0117s raida Vilniuje nuo amat\u0173 iki auk\u0161t\u0173j\u0173 technologij\u0173&nbsp;<strong>1B<\/strong> (<a href=\"https:\/\/vilnius700.epochuratu.lt\/wp-content\/uploads\/2023\/vilnius700_darbai\/Pirmokai\/1B\/Pramon%C4%97s%20raida%20Vilniuje%20nuo%20amat%C5%B3%20iki%20auk%C5%A1t%C5%B3j%C5%B3%20technologij%C5%B3.pdf\" target=\"_blank\" rel=\"noreferrer noopener\">atsisi\u0173sti<\/a>)<\/li>\n\n\n\n<li>Nuo sostapilio iki modernios Europos sostin\u0117s (10 \u017eenkl\u0173 ant miesto veido)&nbsp;<strong>1C<\/strong> (<a href=\"https:\/\/vilnius700.epochuratu.lt\/wp-content\/uploads\/2023\/vilnius700_darbai\/Pirmokai\/1C\/Nuo%20sostapilio%20iki%20modernios%20Europos%20sostin%C4%97s%20%2810%20%C5%BEenkl%C5%B3%20ant%20miesto%20veido%29.pdf\" target=\"_blank\" rel=\"noreferrer noopener\">atsisi\u0173sti<\/a>)<\/li>\n\n\n\n<li>Vilnius \u012evairi\u0173 religij\u0173 miestas<strong>&nbsp;1D<\/strong> (<a href=\"https:\/\/vilnius700.epochuratu.lt\/wp-content\/uploads\/2023\/vilnius700_darbai\/Pirmokai\/1D\/Vilnius%20%C4%AEvairi%C5%B3%20religij%C5%B3%20miestas.pdf\" target=\"_blank\" rel=\"noreferrer noopener\">atsisi\u0173sti<\/a>)<\/li>\n\n\n\n<li>Vilniaus legendos ir padavimai&nbsp;&nbsp;<strong>1E<\/strong> (<a href=\"https:\/\/vilnius700.epochuratu.lt\/wp-content\/uploads\/2023\/vilnius700_darbai\/Pirmokai\/1E\/Vilniaus%20legendos%20ir%20padavimai.pdf\" target=\"_blank\" rel=\"noreferrer noopener\">atsisi\u0173sti<\/a>)<\/li>\n<\/ol>\n\n\n\n<p><strong>2 klas\u0117<\/strong><\/p>\n\n\n\n<ol type=\"1\">\n<li>Ding\u0119s Vilnius&nbsp;<strong>2A<\/strong> (<a href=\"https:\/\/vilnius700.epochuratu.lt\/wp-content\/uploads\/2023\/vilnius700_darbai\/Antrokai\/2A\/Ding%C4%99s%20Vilnius.pdf\" target=\"_blank\" rel=\"noreferrer noopener\">atsisi\u0173sti<\/a>)<\/li>\n\n\n\n<li>Dail\u0117 ir muzika epoch\u0173 kaitoje&nbsp;<strong>2B<\/strong> (<a href=\"https:\/\/vilnius700.epochuratu.lt\/wp-content\/uploads\/2023\/vilnius700_darbai\/Antrokai\/2B\/Dail%C4%97%20ir%20muzika%20epoch%C5%B3%20kaitoje.pdf\" target=\"_blank\" rel=\"noreferrer noopener\">atsisi\u0173sti<\/a>)<\/li>\n\n\n\n<li>Karjeros keliu po Vilni\u0173<strong>&nbsp;2C<\/strong> (<a href=\"https:\/\/vilnius700.epochuratu.lt\/wp-content\/uploads\/2023\/vilnius700_darbai\/Antrokai\/2C\/Karjeros%20keliu%20po%20Vilni%C5%B3.pdf\" target=\"_blank\" rel=\"noreferrer noopener\">atsisi\u0173sti<\/a>)<\/li>\n\n\n\n<li>Vilnius daugiakult\u016brinis miestas&nbsp;<strong>2D<\/strong> (<a href=\"https:\/\/vilnius700.epochuratu.lt\/wp-content\/uploads\/2023\/vilnius700_darbai\/Antrokai\/2D\/Vilnius%20daugiakult%C5%ABrinis%20miestas.pdf\" target=\"_blank\" rel=\"noreferrer noopener\">atsisi\u0173sti<\/a>)<\/li>\n\n\n\n<li>Nuo sostapilio iki modernios Europos sostin\u0117s (10 reik\u0161mingiausi\u0173 Lietuvai sprendim\u0173, padaryt\u0173 Vilniuje)&nbsp;<strong>2E<\/strong> (<a href=\"https:\/\/vilnius700.epochuratu.lt\/wp-content\/uploads\/2023\/vilnius700_darbai\/Antrokai\/2E\/Nuo%20sostapilio%20iki%20modernios%20Europos%20sostin%C4%97s%20%2810%20reik%C5%A1mingiausi%C5%B3%20Lietuvai%20sprendim%C5%B3%2C%20padaryt%C5%B3%20Vilniuje%29.pdf\" target=\"_blank\" rel=\"noreferrer noopener\">atsisi\u0173sti<\/a>)<\/li>\n<\/ol>\n\n\n\n<p><strong>3 klas\u0117<\/strong><\/p>\n\n\n\n<ol type=\"1\">\n<li>Nuo sostapilio iki modernios Europos sostin\u0117s (10 Vilniaus virtimo sostine bruo\u017e\u0173)&nbsp;<strong>3A<\/strong> (<a href=\"https:\/\/vilnius700.epochuratu.lt\/wp-content\/uploads\/2023\/vilnius700_darbai\/Tre%C4%8Diokai\/3A\/Nuo%20sostapilio%20iki%20modernios%20Europos%20sostin%C4%97s%20%2810%20Vilniaus%20virtimo%20sostine%20bruo%C5%BE%C5%B3%29.pdf\" target=\"_blank\" rel=\"noreferrer noopener\">atsisi\u0173sti<\/a>)<\/li>\n\n\n\n<li>Vilnius Universitetinis miestas. Mokslo ir k\u016br\u0117j\u0173 lop\u0161ys, j\u0173 \u012ftaka Vilniaus augimui ir garsinimui\u00a0<strong>3B<\/strong> (<a href=\"https:\/\/vilnius700.epochuratu.lt\/wp-content\/uploads\/2023\/vilnius700_darbai\/Tre%C4%8Diokai\/3B\/Vilnius%20Universitetinis%20miestas.%20Mokslo%20ir%20k%C5%ABr%C4%97j%C5%B3%20lop%C5%A1ys%2C%20j%C5%B3%20%C4%AFtaka%20Vilniaus%20augimui%20ir%20garsinimui.pdf\" target=\"_blank\" rel=\"noreferrer noopener\">atsisi\u0173sti<\/a>)<\/li>\n\n\n\n<li>Skamban\u010dios Vilniaus erdv\u0117s. Teatras, muzika ir \u0161okis&nbsp;<strong>3C<\/strong> (<a href=\"https:\/\/vilnius700.epochuratu.lt\/wp-content\/uploads\/2023\/vilnius700_darbai\/Tre%C4%8Diokai\/3C\/Skamban%C4%8Dios%20Vilniaus%20erdv%C4%97s.%20Teatras%2C%20muzika%20ir%20%C5%A1okis.pdf\" target=\"_blank\" rel=\"noreferrer noopener\">atsisi\u0173sti<\/a>)<\/li>\n\n\n\n<li>Vilniaus Senamiestis, naujamiestis ir mikrorajonai 10 urbanistini\u0173 id\u0117j\u0173&nbsp;<strong>3D<\/strong> (<a href=\"https:\/\/vilnius700.epochuratu.lt\/wp-content\/uploads\/2023\/vilnius700_darbai\/Tre%C4%8Diokai\/3D\/Vilniaus%20Senamiestis%2C%20naujamiestis%20ir%20mikrorajonai%2010%20urbanistini%C5%B3%20id%C4%97j%C5%B3.pdf\" target=\"_blank\" rel=\"noreferrer noopener\">atsisi\u0173sti<\/a>)<\/li>\n\n\n\n<li>Vilnius Romantizmo literat\u016broje<strong>&nbsp;3E<\/strong> (<a href=\"https:\/\/vilnius700.epochuratu.lt\/wp-content\/uploads\/2023\/vilnius700_darbai\/Tre%C4%8Diokai\/3E\/Vilnius%20Romantizmo%20literat%C5%ABroje.pdf\" target=\"_blank\" rel=\"noreferrer noopener\">atsisi\u0173sti<\/a>)<\/li>\n<\/ol>\n","protected":false},"excerpt":{"rendered":"<p>1 klas\u0117 2 klas\u0117 3 klas\u0117<\/p>\n","protected":false},"author":2,"featured_media":0,"parent":311,"menu_order":2,"comment_status":"closed","ping_status":"closed","template":"","meta":[],"_links":{"self":[{"href":"https:\/\/vilnius700.epochuratu.lt\/index.php?rest_route=\/wp\/v2\/pages\/315"}],"collection":[{"href":"https:\/\/vilnius700.epochuratu.lt\/index.php?rest_route=\/wp\/v2\/pages"}],"about":[{"href":"https:\/\/vilnius700.epochuratu.lt\/index.php?rest_route=\/wp\/v2\/types\/page"}],"author":[{"embeddable":true,"href":"https:\/\/vilnius700.epochuratu.lt\/index.php?rest_route=\/wp\/v2\/users\/2"}],"replies":[{"embeddable":true,"href":"https:\/\/vilnius700.epochuratu.lt\/index.php?rest_route=%2Fwp%2Fv2%2Fcomments&post=315"}],"version-history":[{"count":8,"href":"https:\/\/vilnius700.epochuratu.lt\/index.php?rest_route=\/wp\/v2\/pages\/315\/revisions"}],"predecessor-version":[{"id":346,"href":"https:\/\/vilnius700.epochuratu.lt\/index.php?rest_route=\/wp\/v2\/pages\/315\/revisions\/346"}],"up":[{"embeddable":true,"href":"https:\/\/vilnius700.epochuratu.lt\/index.php?rest_route=\/wp\/v2\/pages\/311"}],"wp:attachment":[{"href":"https:\/\/vilnius700.epochuratu.lt\/index.php?rest_route=%2Fwp%2Fv2%2Fmedia&parent=315"}],"curies":[{"name":"wp","href":"https:\/\/api.w.org\/{rel}","templated":true}]}}