{"id":33,"date":"2023-01-10T09:18:54","date_gmt":"2023-01-10T09:18:54","guid":{"rendered":"https:\/\/vilnius700.epochuratu.lt\/?page_id=33"},"modified":"2023-02-01T21:16:19","modified_gmt":"2023-02-01T19:16:19","slug":"projekto-tema-ir-potemes","status":"publish","type":"page","link":"https:\/\/vilnius700.epochuratu.lt\/?page_id=33","title":{"rendered":"Projekto tema ir potem\u0117s"},"content":{"rendered":"\n<p><strong>1 klas\u0117<\/strong><\/p>\n\n\n\n<ol type=\"1\">\n<li>Vilniaus legendos ir padavimai&nbsp; <strong>1E<\/strong><\/li>\n\n\n\n<li>Pramon\u0117s raida Vilniuje nuo amat\u0173 iki auk\u0161t\u0173j\u0173 technologij\u0173 <strong>1B<\/strong><\/li>\n\n\n\n<li>Vilnius \u2013 Baroko miestas. \u201e Architekt\u016bra ir &#8230;\u201c <strong>1A<\/strong><\/li>\n\n\n\n<li>Vilnius \u012evairi\u0173 religij\u0173 miestas<strong> 1D<\/strong><\/li>\n\n\n\n<li>Nuo sostapilio iki modernios Europos sostin\u0117s (10 \u017eenkl\u0173 ant miesto veido) <strong>1C<\/strong><\/li>\n<\/ol>\n\n\n\n<p><strong>2 klas\u0117<\/strong><\/p>\n\n\n\n<ol type=\"1\">\n<li>Ding\u0119s Vilnius <strong>2A<\/strong><\/li>\n\n\n\n<li>Dail\u0117 ir muzika epoch\u0173 kaitoje <strong>2B <\/strong><strong><\/strong><\/li>\n\n\n\n<li>Karjeros keliu po Vilni\u0173<strong> 2C<\/strong><\/li>\n\n\n\n<li>Vilnius daugiakult\u016brinis miestas <strong>2D<\/strong><\/li>\n\n\n\n<li>Nuo sostapilio iki modernios Europos sostin\u0117s (10 reik\u0161mingiausi\u0173 Lietuvai sprendim\u0173, padaryt\u0173 Vilniuje) <strong>2E<\/strong><\/li>\n<\/ol>\n\n\n\n<p><strong>3 klas\u0117<\/strong><\/p>\n\n\n\n<ol type=\"1\">\n<li>Vilnius Romantizmo literat\u016broje<strong> 3E<\/strong><\/li>\n\n\n\n<li>Vilnius Universitetinis miestas. Mokslo ir k\u016br\u0117j\u0173 lop\u0161ys, j\u0173 \u012ftaka Vilniaus augimui ir garsinimui <strong>3B<\/strong><\/li>\n\n\n\n<li>Vilniaus Senamiestis, naujamiestis ir mikrorajonai 10 urbanistini\u0173 id\u0117j\u0173 <strong>3D<\/strong><\/li>\n\n\n\n<li>Skamban\u010dios Vilniaus erdv\u0117s. Teatras, muzika ir \u0161okis <strong>3C<\/strong><\/li>\n\n\n\n<li>Nuo sostapilio iki modernios Europos sostin\u0117s (10 Vilniaus virtimo sostine bruo\u017e\u0173) <strong>3A<\/strong><\/li>\n<\/ol>\n","protected":false},"excerpt":{"rendered":"<p>1 klas\u0117 2 klas\u0117 3 klas\u0117<\/p>\n","protected":false},"author":2,"featured_media":0,"parent":0,"menu_order":0,"comment_status":"closed","ping_status":"closed","template":"","meta":[],"_links":{"self":[{"href":"https:\/\/vilnius700.epochuratu.lt\/index.php?rest_route=\/wp\/v2\/pages\/33"}],"collection":[{"href":"https:\/\/vilnius700.epochuratu.lt\/index.php?rest_route=\/wp\/v2\/pages"}],"about":[{"href":"https:\/\/vilnius700.epochuratu.lt\/index.php?rest_route=\/wp\/v2\/types\/page"}],"author":[{"embeddable":true,"href":"https:\/\/vilnius700.epochuratu.lt\/index.php?rest_route=\/wp\/v2\/users\/2"}],"replies":[{"embeddable":true,"href":"https:\/\/vilnius700.epochuratu.lt\/index.php?rest_route=%2Fwp%2Fv2%2Fcomments&post=33"}],"version-history":[{"count":3,"href":"https:\/\/vilnius700.epochuratu.lt\/index.php?rest_route=\/wp\/v2\/pages\/33\/revisions"}],"predecessor-version":[{"id":126,"href":"https:\/\/vilnius700.epochuratu.lt\/index.php?rest_route=\/wp\/v2\/pages\/33\/revisions\/126"}],"wp:attachment":[{"href":"https:\/\/vilnius700.epochuratu.lt\/index.php?rest_route=%2Fwp%2Fv2%2Fmedia&parent=33"}],"curies":[{"name":"wp","href":"https:\/\/api.w.org\/{rel}","templated":true}]}}