{"id":35,"date":"2023-01-10T09:19:19","date_gmt":"2023-01-10T09:19:19","guid":{"rendered":"https:\/\/vilnius700.epochuratu.lt\/?page_id=35"},"modified":"2023-01-10T09:41:14","modified_gmt":"2023-01-10T09:41:14","slug":"projekto-veiklos","status":"publish","type":"page","link":"https:\/\/vilnius700.epochuratu.lt\/?page_id=35","title":{"rendered":"Projekto veiklos"},"content":{"rendered":"\n<figure class=\"wp-block-table\"><table><tbody><tr><td><strong><em>Veiklos sritys<\/em><\/strong> &nbsp;<\/td><td><strong><em>Konsultantai<\/em><\/strong><\/td><td><strong><em>Kuruojantis pavaduotojas<\/em><\/strong><\/td><td><strong><em>Vertinimas ra\u0161omas \u012f:<\/em><\/strong><\/td><\/tr><tr><td><strong><em>Temos pateiktis <\/em><\/strong>(privaloma)<\/td><td>Sandra Ramanauskien\u0117<\/td><td>Vaidas Rai\u017eys<\/td><td>IKT Istorija lietuvi\u0173 k.<\/td><\/tr><tr><td><strong><em>Filmukas<\/em><\/strong> (privaloma)<\/td><td>Andrius Chmieliauskas Gabriel\u0117 Kuodyt\u0117 Alius Av\u010dininkas<\/td><td>Violeta Motiej\u016bnien\u0117<\/td><td>IKT Istorija lietuvi\u0173 k.<\/td><\/tr><tr><td><strong><em>Knygos puslapiai<\/em><\/strong> (privaloma)<\/td><td>A. Bagdonavi\u010dien\u0117 D. Samuilien\u0117 Lietuvi\u0173 kalbos mokytojai<\/td><td>Virginija Navickien\u0117<\/td><td>dail\u0117 lietuvi\u0173 k. istorija<\/td><\/tr><tr><td><strong>Men\u0173 veiklos<\/strong>:<\/td><td><strong>&nbsp;<\/strong><\/td><\/tr><tr><td>1. Miniati\u016bra, technika: skiestas tu\u0161a &#8211; sepija, 210mm x 210mm (Privaloma)<\/td><td>D. Samuilien\u0117 &nbsp;<\/td><td>Violeta Motiej\u016bnien\u0117<\/td><td>\u012e pasirinktos men\u0173 srities dalyko pamok\u0105<\/td><\/tr><tr><td>2. Privalomai pasirenkama viena scenin\u0117 veikla. (Privaloma) Klas\u0117s pasirenka vien\u0105 i\u0161 trij\u0173:<\/td><td>&nbsp;<\/td><\/tr><tr><td><strong>Muzika:<\/strong> 1klas\u0117ms : Daina apie Vilni\u0173 2klas\u0117ms: Muzikos k\u016brinio improvizacija Vilniaus tema 3klas\u0117ms: Video -Skambantis Vilnius<\/td><td>Sonata Stakionien\u0117<\/td><td>Violeta Motiej\u016bnien\u0117<\/td><td>\u012e pasirinktos men\u0173 srities dalyko pamok\u0105<\/td><\/tr><tr><td><strong>Teatras:<\/strong> 1-2 klas\u0117ms : Vaidybinis etiudas, gyvasis paveikslas pagal klas\u0117s ar pasirinkt\u0105 tem\u0105 3klas\u0117ms : Ma\u017evydo ar kitos istorin\u0117s pjes\u0117s i\u0161trauka<\/td><td>G. Kuodyt\u0117<\/td><td>Violeta Motiej\u016bnien\u0117<\/td><td>\u012e pasirinktos men\u0173 srities dalyko pamok\u0105<\/td><\/tr><tr><td><strong>\u0160okis<\/strong> 1-2-3- klas\u0117ms: Vilnius \u2013 daugiakult\u016brinis miestas, pasirinktas \u0161okis &nbsp;<\/td><td>Ligita V.<\/td><td>Violeta Motiej\u016bnien\u0117<\/td><td>\u012e pasirinktos men\u0173 srities dalyko pamok\u0105<\/td><\/tr><tr><td><strong>Suvenyr\u0173 gaminimas- Vilniui -700.<\/strong> (Technikos: dekupa\u017eo technika ant stiklo, modelino, mozaikos arba odos technologijos.) (Neprivaloma)<\/td><td>Irma Jan\u010dien\u0117 Regina Andriulaityt\u0117<\/td><td>Violeta Motiej\u016bnien\u0117<\/td><td>\u012e pasirinktos men\u0173 srities dalyko pamok\u0105<\/td><\/tr><tr><td><strong>Reklama apie Vilni<\/strong><strong>\u0173<\/strong> (Neprivaloma)<\/td><td>Svetlana Tokareva U\u017esienio kalb\u0173 mokytojai<\/td><td>Vaidas Rai\u017eys<\/td><td>IKT Istorija U\u017esienio kalbos Lietuvi\u0173 kalba Dail\u0117<\/td><\/tr><tr><td>Interviu su Vilniuje gyvenan\u010diu u\u017esienie\u010diu u\u017esienio kalba (Neprivaloma)<\/td><td>U\u017esienio kalb\u0173 mokytojai<\/td><td>Virginija Navickien\u0117<\/td><td>U\u017esienio kalbos<\/td><\/tr><tr><td>Mokinio vedam\u0105, nufilmuot\u0105 ir \u012f youtube \u012fkelt\u0105 ekskursij\u0105 angl\u0173\/vokie\u010di\u0173\/rus\u0173\/ &nbsp;pranc\u016bz\u0173 k. po sen\u0105 nauj\u0105 Vilni\u0173 (privaloma)<\/td><td>U\u017esienio kalb\u0173 mokytojai<\/td><td>Virginija Navickien\u0117<\/td><td>U\u017esienio kalbos Istorija IKT Geografija<\/td><\/tr><tr><td><strong>Erdvin\u012f model\u012f jau egzistuojan\u010di\u0173 Vilniuje architekt\u016brini\u0173 objekt\u0173.<\/strong> Pvz Mo muziejaus, \u0161v. Jon\u0173 bok\u0161to, VU naujosios bibliotekos, Gyvyb\u0117s centro, Nacionalin\u0117s galerijos, Sporto r\u016bm\u0173 ir t.t. (Neprivaloma)<\/td><td>\u017died\u0117 Juodeikyt\u0117<\/td><td>Vaidas Rai\u017eys<\/td><td>Matematika IT Brai\u017eyba Dail\u0117<\/td><\/tr><tr><td><strong><em>Komiksas<\/em><\/strong> (privaloma)<\/td><td>Au\u0161ra Smaleckien\u0117 Roma Petrauskien\u0117 Irma Jan\u010dien\u0117 Regina Andriulaityt\u0117 Robertas Ramanauskas<\/td><td>Vaidas Rai\u017eys<\/td><td>Istorija Lietuvi\u0173 kalba &nbsp;<\/td><\/tr><tr><td>Menin\u0117 nuotrauka (Privaloma)<\/td><td>Robertas Ramanauskas<\/td><td>Virginija Navickien\u0117<\/td><td>Menai Istorija<\/td><\/tr><tr><td><strong><em>Mokini\u0173 pasi\u016blyta veikla:<\/em><\/strong><\/td><td>&nbsp;<\/td><td>&nbsp;<\/td><td>Priklausomai nuo veiklos<\/td><\/tr><tr><td><strong><em>Informacijos centras<\/em><\/strong> (mokinius pasirenka Andrius Chmieliauskas)<\/td><td>Lina Cholinien\u0117 Alius Av\u010dininkas Andrius Chmieliauskas Augustas \u010cetkauskas<\/td><td>Virginija Navickein\u0117<\/td><td>Lietuvi\u0173 kalba Istorija<\/td><\/tr><\/tbody><\/table><\/figure>\n\n\n\n<p><\/p>\n","protected":false},"excerpt":{"rendered":"<p>Veiklos sritys &nbsp; Konsultantai Kuruojantis pavaduotojas Vertinimas ra\u0161omas \u012f: Temos pateiktis (privaloma) Sandra Ramanauskien\u0117 Vaidas Rai\u017eys IKT Istorija lietuvi\u0173 k. Filmukas (privaloma) Andrius Chmieliauskas Gabriel\u0117 Kuodyt\u0117 Alius Av\u010dininkas Violeta Motiej\u016bnien\u0117 IKT Istorija lietuvi\u0173 k. Knygos puslapiai (privaloma) A. Bagdonavi\u010dien\u0117 D. Samuilien\u0117 Lietuvi\u0173 kalbos mokytojai Virginija Navickien\u0117 dail\u0117 lietuvi\u0173 k. istorija Men\u0173 veiklos: &nbsp; 1. Miniati\u016bra, technika: skiestas tu\u0161a &#8211; sepija, 210mm x 210mm (Privaloma) D. Samuilien\u0117 &nbsp; Violeta Motiej\u016bnien\u0117 \u012e pasirinktos men\u0173 srities dalyko pamok\u0105 2. Privalomai pasirenkama viena scenin\u0117&#8230;<\/p>\n<p class=\"read-more\"><a class=\"btn btn-default\" href=\"https:\/\/vilnius700.epochuratu.lt\/?page_id=35\">Daugiau<span class=\"screen-reader-text\"> Daugiau<\/span><\/a><\/p>\n","protected":false},"author":2,"featured_media":0,"parent":0,"menu_order":0,"comment_status":"closed","ping_status":"closed","template":"","meta":[],"_links":{"self":[{"href":"https:\/\/vilnius700.epochuratu.lt\/index.php?rest_route=\/wp\/v2\/pages\/35"}],"collection":[{"href":"https:\/\/vilnius700.epochuratu.lt\/index.php?rest_route=\/wp\/v2\/pages"}],"about":[{"href":"https:\/\/vilnius700.epochuratu.lt\/index.php?rest_route=\/wp\/v2\/types\/page"}],"author":[{"embeddable":true,"href":"https:\/\/vilnius700.epochuratu.lt\/index.php?rest_route=\/wp\/v2\/users\/2"}],"replies":[{"embeddable":true,"href":"https:\/\/vilnius700.epochuratu.lt\/index.php?rest_route=%2Fwp%2Fv2%2Fcomments&post=35"}],"version-history":[{"count":3,"href":"https:\/\/vilnius700.epochuratu.lt\/index.php?rest_route=\/wp\/v2\/pages\/35\/revisions"}],"predecessor-version":[{"id":48,"href":"https:\/\/vilnius700.epochuratu.lt\/index.php?rest_route=\/wp\/v2\/pages\/35\/revisions\/48"}],"wp:attachment":[{"href":"https:\/\/vilnius700.epochuratu.lt\/index.php?rest_route=%2Fwp%2Fv2%2Fmedia&parent=35"}],"curies":[{"name":"wp","href":"https:\/\/api.w.org\/{rel}","templated":true}]}}