{"id":55,"date":"2023-01-10T12:04:08","date_gmt":"2023-01-10T12:04:08","guid":{"rendered":"https:\/\/vilnius700.epochuratu.lt\/?page_id=55"},"modified":"2023-02-10T12:52:11","modified_gmt":"2023-02-10T10:52:11","slug":"apie","status":"publish","type":"page","link":"https:\/\/vilnius700.epochuratu.lt\/","title":{"rendered":"Apie"},"content":{"rendered":"\n<p>2023-ieji jau tryliktieji projekto \u201eEpoch\u0173 ratu\u201c metai. Integruotas projektas, vykstantis kiekvienais mokslo metais, jau apsuko did\u017eiul\u012f rat\u0105: keliavome po Antik\u0105, Renesans\u0105, Viduram\u017eius, Barok\u0105, Klasicizm\u0105, Ap\u0161viet\u0105, Romantizm\u0105. &nbsp;2018 m. projekt\u0105 skyr\u0117me Lietuvos Nepriklausomyb\u0117s \u0161imtme\u010diui, 2019 m. \u2013 Vilniaus miesto 696 &#8211; ajam gimtadieniui, 2020-aisiais pasigilinome \u012f U\u017eupio gyvenim\u0105, \u017emones ir j\u0173 darbus. Pra\u0117jusiais metais buvo nutarta pasidom\u0117ti lietuviais, nusipelniusiais savo kra\u0161tui ir pagars\u0117jusiais pasaulyje i\u0161skirtiniais pasiekimais \u012fvairiose mokslo ir kult\u016bros srityse. O \u0161iemet minint Vilniaus 700-\u0173j\u0173 met\u0173 gimtadien\u012f nuspr\u0119sta vis\u0105 projekt\u0105 skirti Vilniui pa\u017einti, jo istorijai atminti ir atrasti tai, ko dar ne\u017einojome.<\/p>\n\n\n\n<p>\u201eEpoch\u0173 ratu\u201c &#8211; integruotas projektas, jungiantis daugel\u012f d\u0117stom\u0173 dalyk\u0173. Jau nuo rudens dirbo gimnazijos metodin\u0117 taryba, kurdama potemes ir&nbsp; kuo \u012fdomesnes veiklas mokiniams, kad \u0161ie noriai \u012fsitraukt\u0173 \u012f projekt\u0105. Gimnazistams sudarytos visos galimyb\u0117s atsiskleisti:&nbsp; i\u0161liko ir senosios tradicin\u0117s veiklos&nbsp; (filmuko k\u016brimas, temos pateiktis, knygos puslapiai), taip pat pasi\u016blyta ir nauj\u0173 veikl\u0173 &#8211; reklama apie Vilni\u0173, suvenyr\u0173, skirt\u0173 Vilniaus 700-\u0173j\u0173 metini\u0173 jubiliejui, &nbsp;gaminimas, &nbsp;jau egzistuojan\u010di\u0173 Vilniuje architekt\u016brini\u0173 objekt\u0173 erdvinio modelio k\u016brimas, komiksas, menin\u0117 nuotrauka ir \u012fvairios kitos k\u016brybin\u0117s veiklos. Galima imtis visoki\u0173 iniciatyv\u0173, leisian\u010di\u0173 atsiskleisti m\u0117gstamose srityse. Gimnazistai gal\u0117s si\u016blyti ir savo pasirinktas veiklas, svarbu, kad visi gal\u0117t\u0173 pritaikyti individualius geb\u0117jimus ir atskleisti savo sumanymus.&nbsp;Projekto eig\u0105 komentuos jaunieji \u017eurnalistai, internetiniame puslapyje kasdien rasime ne tik ap\u017evalgini\u0173 straipsni\u0173, bet ir gausyb\u0119 fotografij\u0173, mokini\u0173 k\u016brybini\u0173 darb\u0173.&nbsp;<\/p>\n\n\n\n<p>\u0160iuo metu aukl\u0117toj\u0173 vadovaujami visi 1-3 klasi\u0173 mokiniai jau pasiskirst\u0117 veiklos sritis. Projekto eigoje mokytojai konsultantai &nbsp;pristatys numatytas veiklas ir reikalavimus, teiks patarim\u0173 k\u016brybin\u0117ms grup\u0117ms, kaip rinkti med\u017eiag\u0105 ir j\u0105 \u012fdomiai perteikti bei pristatyti.<\/p>\n\n\n\n<p>Projektui pasibaigus,&nbsp; kiekvienais metais jo veikla analizuojama, tobulinama, praple\u010diama naujomis id\u0117jomis, aptariami &nbsp;privalumai ir tr\u016bkumai.<\/p>\n\n\n\n<p>\u0160is projektas \u2013 tai galimyb\u0117 atsiskleisti m\u016bs\u0173 k\u016brybi\u0161kumui, b\u016bdas surasti kiekvienam \u012fdomios veiklos r\u016b\u0161\u012f, tobulinti \u012fvairias kompetencijas: bendravimo, iniciatyvumo, pa\u017einimo, pilieti\u0161kumo, mokymosi mokytis ir kt. Projektas suvienija m\u016bs\u0173 bendruomen\u0119 k\u016brybinei veiklai, sudaro galimybes ugdytis kitokiose erdv\u0117se, ugdo atsakomyb\u0117s u\u017e kolektyv\u0105 supratim\u0105.<\/p>\n\n\n\n<p>Mieli gimnazistai, t\u0117veliai, vilnie\u010diai,<br>sveikinu visus, k\u016brybingai nusiteikusius daugiau su\u017einoti apie Lietuvos sostin\u0119 Vilni\u0173, apie miest\u0105, kuriame augame ir gyvename.\u00a0 Linkiu ir mokytojams, ir mokiniams entuziazmo ir \u012fkv\u0117pimo, \u012fgyvendinant projekt\u0105.<\/p>\n\n\n\n<p>Gra\u017eaus 700-ojo jubiliejaus, vilnie\u010diai!<\/p>\n\n\n\n<p>Direktor\u0117 Virginija Emilija Navickien\u0117<\/p>\n","protected":false},"excerpt":{"rendered":"<p>2023-ieji jau tryliktieji projekto \u201eEpoch\u0173 ratu\u201c metai. Integruotas projektas, vykstantis kiekvienais mokslo metais, jau apsuko did\u017eiul\u012f rat\u0105: keliavome po Antik\u0105, Renesans\u0105, Viduram\u017eius, Barok\u0105, Klasicizm\u0105, Ap\u0161viet\u0105, Romantizm\u0105. &nbsp;2018 m. projekt\u0105 skyr\u0117me Lietuvos Nepriklausomyb\u0117s \u0161imtme\u010diui, 2019 m. \u2013 Vilniaus miesto 696 &#8211; ajam gimtadieniui, 2020-aisiais pasigilinome \u012f U\u017eupio gyvenim\u0105, \u017emones ir j\u0173 darbus. Pra\u0117jusiais metais buvo nutarta pasidom\u0117ti lietuviais, nusipelniusiais savo kra\u0161tui ir pagars\u0117jusiais pasaulyje i\u0161skirtiniais pasiekimais \u012fvairiose mokslo ir kult\u016bros srityse. O \u0161iemet minint Vilniaus 700-\u0173j\u0173 met\u0173 gimtadien\u012f nuspr\u0119sta vis\u0105 projekt\u0105&#8230;<\/p>\n<p class=\"read-more\"><a class=\"btn btn-default\" href=\"https:\/\/vilnius700.epochuratu.lt\/\">Daugiau<span class=\"screen-reader-text\"> Daugiau<\/span><\/a><\/p>\n","protected":false},"author":2,"featured_media":0,"parent":0,"menu_order":0,"comment_status":"closed","ping_status":"closed","template":"","meta":[],"_links":{"self":[{"href":"https:\/\/vilnius700.epochuratu.lt\/index.php?rest_route=\/wp\/v2\/pages\/55"}],"collection":[{"href":"https:\/\/vilnius700.epochuratu.lt\/index.php?rest_route=\/wp\/v2\/pages"}],"about":[{"href":"https:\/\/vilnius700.epochuratu.lt\/index.php?rest_route=\/wp\/v2\/types\/page"}],"author":[{"embeddable":true,"href":"https:\/\/vilnius700.epochuratu.lt\/index.php?rest_route=\/wp\/v2\/users\/2"}],"replies":[{"embeddable":true,"href":"https:\/\/vilnius700.epochuratu.lt\/index.php?rest_route=%2Fwp%2Fv2%2Fcomments&post=55"}],"version-history":[{"count":3,"href":"https:\/\/vilnius700.epochuratu.lt\/index.php?rest_route=\/wp\/v2\/pages\/55\/revisions"}],"predecessor-version":[{"id":329,"href":"https:\/\/vilnius700.epochuratu.lt\/index.php?rest_route=\/wp\/v2\/pages\/55\/revisions\/329"}],"wp:attachment":[{"href":"https:\/\/vilnius700.epochuratu.lt\/index.php?rest_route=%2Fwp%2Fv2%2Fmedia&parent=55"}],"curies":[{"name":"wp","href":"https:\/\/api.w.org\/{rel}","templated":true}]}}